{"id":1173,"date":"2025-11-24T17:35:33","date_gmt":"2025-11-24T17:35:33","guid":{"rendered":"https:\/\/carolinaespiritualidade.com\/pricing\/"},"modified":"2026-04-19T20:05:21","modified_gmt":"2026-04-19T20:05:21","slug":"pricing","status":"publish","type":"page","link":"https:\/\/carolinaespiritualidade.com\/en\/pricing\/","title":{"rendered":"SUBSCRI\u00c7\u00d5ES"},"content":{"rendered":"<div class=\"wp-block-columns alignwide pms-pt-gap is-layout-flex wp-container-core-columns-is-layout-3285876f wp-block-columns-is-layout-flex\" style=\"border-style:none;border-width:0px;margin-bottom:0;padding-right:0;padding-left:0\">\n<div class=\"gutenakitid-a3fcffe7-eac9-477c-b884-c4b53ba91fb2  wp-block-column pms-pt-border-1 pms-pt-card-1 has-border-color has-ast-global-color-3-border-color is-layout-constrained wp-container-core-column-is-layout-efef38b8 wp-block-column-is-layout-constrained\" style=\"border-width:2px;padding-top:var(--wp--preset--spacing--30);padding-right:var(--wp--preset--spacing--50);padding-bottom:var(--wp--preset--spacing--30);padding-left:var(--wp--preset--spacing--50)\">\n<h2 class=\"gutenakitid-6b57d68c-fe31-4c82-b0ce-0eecf50782eb  wp-block-heading has-text-align-center pms-pt-text-title has-text-color\" style=\"color:#7a838b;font-style:normal;font-weight:500\">     AstroAura\u2728<\/h2>\n\n\n\n<h3 class=\"gutenakitid-5f544046-449b-4eb2-947d-32ce6e8624f4  wp-block-heading has-text-align-center pms-pt-text-price has-ast-global-color-3-color has-text-color\">27\u20ac<span class=\"pms-pt-text-duration\"><span class=\"pms-divider pms-duration-divider\">\/ <\/span><\/span>Mensal<\/h3>\n\n\n\n<p class=\"gutenakitid-e6cfba80-5d67-4e99-a44a-834d3353e610  has-text-align-center\">Acesso a um workshop mensal, um pack exclusivo de medita\u00e7\u00f5es e ainda um benef\u00edcio especial de 10% de desconto.<\/p>\n\n\n\n<div class=\"wp-block-uagb-separator uagb-block-34e8bca7 pms-pt-separator is-style-dots\"><div class=\"wp-block-uagb-separator__inner\" style=\"--my-background-image:\"><\/div><\/div>\n\n\n\n<ul class=\"wp-block-list pms-pt-list\">\n<li class=\"has-ast-global-color-2-color has-text-color has-link-color wp-elements-ea042aaa74521975f8f36f25b29ee930\">Workshop mensal<sup data-fn=\"a5439b9c-aa33-49e4-a6e0-83f093011070\" class=\"fn\"><a id=\"a5439b9c-aa33-49e4-a6e0-83f093011070-link\" href=\"#a5439b9c-aa33-49e4-a6e0-83f093011070\">1<\/a><\/sup><\/li>\n\n\n\n<li class=\"has-ast-global-color-2-color has-text-color has-link-color wp-elements-3b167416c4413065575d0c7997bad912\">Utiliza\u00e7\u00e3o da t\u00e9cnica Aura Master<\/li>\n\n\n\n<li class=\"has-ast-global-color-2-color has-text-color has-link-color wp-elements-4025a36594423361d1d46c1e2a092d5e\">Pack de medita\u00e7\u00f5es<\/li>\n\n\n\n<li class=\"has-ast-global-color-2-color has-text-color has-link-color wp-elements-324bef1ac27c44a25cb0e2e6983ffa70\">10% de desconto em todos os cursos e workshops<\/li>\n\n\n\n<li>E muito mais!<\/li>\n<\/ul>\n\n\n\n<div class=\"wp-block-buttons pms-pt-button-column-1 is-content-justification-center is-layout-flex wp-container-core-buttons-is-layout-098cc607 wp-block-buttons-is-layout-flex\">\n<div class=\"wp-block-button has-custom-width wp-block-button__width-75 is-style-fill\"><a class=\"wp-block-button__link has-ast-global-color-3-background-color has-background has-text-align-center wp-element-button\" href=\"https:\/\/carolinaespiritualidade.com\/en\/register-3\/?subscription_plan=1170&amp;single_plan=yes\" style=\"border-radius:0px\">Subscrever AGORA<\/a><\/div>\n<\/div>\n<\/div>\n\n\n\n<div class=\"gutenakitid-0e5b1f9f-47bf-41ae-be25-f688eb529cc7  wp-block-column pms-pt-border-2 pms-pt-card-2 has-border-color has-ast-global-color-1-border-color is-layout-constrained wp-container-core-column-is-layout-2a9f3359 wp-block-column-is-layout-constrained\" style=\"border-width:2px;padding-top:var(--wp--preset--spacing--30);padding-right:var(--wp--preset--spacing--40);padding-bottom:var(--wp--preset--spacing--30);padding-left:var(--wp--preset--spacing--40)\">\n<h2 class=\"gutenakitid-e8ae857c-7cf0-4fc8-a4c8-4e9a169f73d6  wp-block-heading has-text-align-center pms-pt-text-title has-text-color\" style=\"color:#d7b045;font-style:normal;font-weight:500\">Limpa &amp; Alinha\ud83c\udf43<\/h2>\n\n\n\n<h3 class=\"gutenakitid-0c0a0e54-b88d-4e8c-96d2-fae5247fca8c  wp-block-heading has-text-align-center pms-pt-text-price has-text-color\" style=\"color:#d7b045\">24\u20ac<\/h3>\n\n\n\n<p class=\"gutenakitid-64db787f-5ae4-472b-b56b-81aeadd59cf8  has-text-align-center\">Um conjunto de medita\u00e7\u00f5es e afirma\u00e7\u00f5es para cuidar e elevar a tua energia.<\/p>\n\n\n\n<div class=\"wp-block-uagb-separator uagb-block-7d6ae546 pms-pt-separator is-style-dots\"><div class=\"wp-block-uagb-separator__inner\" style=\"--my-background-image:\"><\/div><\/div>\n\n\n\n<ul class=\"wp-block-list pms-pt-list pms-pt-list-extra\">\n<li class=\"has-ast-global-color-0-color has-text-color has-link-color wp-elements-621e14dfeb27d197480dd2801a5dce93\">Limpeza energ\u00e9tica<\/li>\n\n\n\n<li class=\"has-ast-global-color-2-color has-text-color has-link-color wp-elements-fc6f5e24ff4156b9487c371500a4dfdd\">Liberta\u00e7\u00e3o de padr\u00f5es profundos<\/li>\n\n\n\n<li class=\"has-ast-global-color-2-color has-text-color has-link-color wp-elements-51edd45d22622a70b4301d69d0e00a77\">Prote\u00e7\u00e3o do campo espiritual<\/li>\n\n\n\n<li class=\"has-ast-global-color-2-color has-text-color has-link-color wp-elements-128d2625ffcfada5b98d7b60f874abe7\">Clareza para decis\u00f5es conscientes<\/li>\n\n\n\n<li class=\"has-ast-global-color-2-color has-text-color has-link-color wp-elements-4fb2a31eb67dbcd27a1729a72444c244\">Afirma\u00e7\u00f5es de alinhamento<\/li>\n\n\n\n<li class=\"has-ast-global-color-2-color has-text-color has-link-color wp-elements-0020fc7ed5e8f6e158d3b1d207868095\">Guia para escolher a medita\u00e7\u00e3o mais adequada<\/li>\n<\/ul>\n\n\n\n<div class=\"wp-block-buttons pms-pt-button-column-2 is-content-justification-center is-layout-flex wp-container-core-buttons-is-layout-098cc607 wp-block-buttons-is-layout-flex\">\n<div class=\"wp-block-button has-custom-width wp-block-button__width-75 is-style-fill\"><a class=\"wp-block-button__link has-ast-global-color-5-color has-ast-global-color-3-background-color has-text-color has-background has-link-color has-text-align-center wp-element-button\" href=\"https:\/\/shelf.pt\/carolinaespiritualidade\/p\/limpa-alinha-u93l\" style=\"border-radius:0px\">comprar agora<\/a><\/div>\n<\/div>\n<\/div>\n<\/div>\n\n\n\n<div class=\"wp-block-uagb-container uagb-block-b0c2eabb alignwide uagb-is-root-container\">\n<div class=\"wp-block-uagb-container uagb-block-845ae49e\">\n<div class=\"wp-block-uagb-info-box uagb-block-f6a0cbca uagb-infobox__content-wrap  uagb-infobox-icon-above-title uagb-infobox-image-valign-top\"><div class=\"uagb-ifb-content\"><div class=\"uagb-ifb-icon-wrap\"><svg xmlns=\"https:\/\/www.w3.org\/2000\/svg\" viewbox=\"0 0 512 512\"><path d=\"M256 0C114.6 0 0 114.6 0 256s114.6 256 256 256s256-114.6 256-256S397.4 0 256 0zM256 128c17.67 0 32 14.33 32 32c0 17.67-14.33 32-32 32S224 177.7 224 160C224 142.3 238.3 128 256 128zM296 384h-80C202.8 384 192 373.3 192 360s10.75-24 24-24h16v-64H224c-13.25 0-24-10.75-24-24S210.8 224 224 224h32c13.25 0 24 10.75 24 24v88h16c13.25 0 24 10.75 24 24S309.3 384 296 384z\"><\/path><\/svg><\/div><div class=\"uagb-ifb-title-wrap\"><h3 class=\"uagb-ifb-title\">Informa\u00e7\u00f5es<\/h3><\/div><p class=\"uagb-ifb-desc\">Aqui encontras informa\u00e7\u00f5es adicionais e conte\u00fados complementares sobre este plano.<br><\/p><\/div><\/div>\n<\/div>\n\n\n\n<div class=\"wp-block-uagb-container uagb-block-df6f9efe\"><ol class=\"wp-elements-4f75c56f6d16127d816abf4d3a6aa23b wp-block-footnotes has-text-color has-ast-global-color-2-color\"><li id=\"a5439b9c-aa33-49e4-a6e0-83f093011070\">Encontro mensal de orienta\u00e7\u00e3o astrol\u00f3gica e terap\u00eautica, com t\u00e9cnicas de desbloqueio energ\u00e9tico, limpeza energ\u00e9tica profunda e desprograma\u00e7\u00e3o mental, focado no autoconhecimento, cura emocional e alinhamento espiritual. <a href=\"#a5439b9c-aa33-49e4-a6e0-83f093011070-link\" aria-label=\"Jump to footnote reference 1\">\u21a9\ufe0e<\/a><\/li><\/ol><\/div>\n<\/div>","protected":false},"excerpt":{"rendered":"<p>AstroAura\u2728 27\u20ac\/ Mensal Acesso a um workshop mensal, um pack exclusivo de medita\u00e7\u00f5es e ainda um benef\u00edcio especial de 10% [&hellip;]<\/p>\n","protected":false},"author":1,"featured_media":0,"parent":0,"menu_order":0,"comment_status":"closed","ping_status":"closed","template":"","meta":{"om_disable_all_campaigns":false,"_uag_custom_page_level_css":"","site-sidebar-layout":"default","site-content-layout":"","ast-site-content-layout":"default","site-content-style":"default","site-sidebar-style":"default","ast-global-header-display":"","ast-banner-title-visibility":"","ast-main-header-display":"","ast-hfb-above-header-display":"","ast-hfb-below-header-display":"","ast-hfb-mobile-header-display":"","site-post-title":"","ast-breadcrumbs-content":"","ast-featured-img":"","footer-sml-layout":"","ast-disable-related-posts":"","theme-transparent-header-meta":"","adv-header-id-meta":"","stick-header-meta":"","header-above-stick-meta":"","header-main-stick-meta":"","header-below-stick-meta":"","astra-migrate-meta-layouts":"default","ast-page-background-enabled":"default","ast-page-background-meta":{"desktop":{"background-color":"var(--ast-global-color-4)","background-image":"","background-repeat":"repeat","background-position":"center center","background-size":"auto","background-attachment":"scroll","background-type":"","background-media":"","overlay-type":"","overlay-color":"","overlay-opacity":"","overlay-gradient":""},"tablet":{"background-color":"","background-image":"","background-repeat":"repeat","background-position":"center center","background-size":"auto","background-attachment":"scroll","background-type":"","background-media":"","overlay-type":"","overlay-color":"","overlay-opacity":"","overlay-gradient":""},"mobile":{"background-color":"","background-image":"","background-repeat":"repeat","background-position":"center center","background-size":"auto","background-attachment":"scroll","background-type":"","background-media":"","overlay-type":"","overlay-color":"","overlay-opacity":"","overlay-gradient":""}},"ast-content-background-meta":{"desktop":{"background-color":"var(--ast-global-color-5)","background-image":"","background-repeat":"repeat","background-position":"center center","background-size":"auto","background-attachment":"scroll","background-type":"","background-media":"","overlay-type":"","overlay-color":"","overlay-opacity":"","overlay-gradient":""},"tablet":{"background-color":"var(--ast-global-color-5)","background-image":"","background-repeat":"repeat","background-position":"center center","background-size":"auto","background-attachment":"scroll","background-type":"","background-media":"","overlay-type":"","overlay-color":"","overlay-opacity":"","overlay-gradient":""},"mobile":{"background-color":"var(--ast-global-color-5)","background-image":"","background-repeat":"repeat","background-position":"center center","background-size":"auto","background-attachment":"scroll","background-type":"","background-media":"","overlay-type":"","overlay-color":"","overlay-opacity":"","overlay-gradient":""}},"footnotes":"[{\"content\":\"Encontro mensal de orienta\u00e7\u00e3o astrol\u00f3gica e terap\u00eautica, com t\u00e9cnicas de desbloqueio energ\u00e9tico, limpeza energ\u00e9tica profunda e desprograma\u00e7\u00e3o mental, focado no autoconhecimento, cura emocional e alinhamento espiritual.\",\"id\":\"a5439b9c-aa33-49e4-a6e0-83f093011070\"}]"},"class_list":["post-1173","page","type-page","status-publish","hentry"],"aioseo_notices":[],"uagb_featured_image_src":{"full":false,"thumbnail":false,"medium":false,"medium_large":false,"large":false,"1536x1536":false,"2048x2048":false,"trp-custom-language-flag":false,"woocommerce_thumbnail":false,"woocommerce_single":false,"woocommerce_gallery_thumbnail":false},"uagb_author_info":{"display_name":"carolinasilvaespiritualidade@gmail.com","author_link":"https:\/\/carolinaespiritualidade.com\/en\/author\/carolinasilvaespiritualidadegmail-com\/"},"uagb_comment_info":0,"uagb_excerpt":"AstroAura\u2728 27\u20ac\/ Mensal Acesso a um workshop mensal, um pack exclusivo de medita\u00e7\u00f5es e ainda um benef\u00edcio especial de 10% [&hellip;]","_links":{"self":[{"href":"https:\/\/carolinaespiritualidade.com\/en\/wp-json\/wp\/v2\/pages\/1173","targetHints":{"allow":["GET"]}}],"collection":[{"href":"https:\/\/carolinaespiritualidade.com\/en\/wp-json\/wp\/v2\/pages"}],"about":[{"href":"https:\/\/carolinaespiritualidade.com\/en\/wp-json\/wp\/v2\/types\/page"}],"author":[{"embeddable":true,"href":"https:\/\/carolinaespiritualidade.com\/en\/wp-json\/wp\/v2\/users\/1"}],"replies":[{"embeddable":true,"href":"https:\/\/carolinaespiritualidade.com\/en\/wp-json\/wp\/v2\/comments?post=1173"}],"version-history":[{"count":31,"href":"https:\/\/carolinaespiritualidade.com\/en\/wp-json\/wp\/v2\/pages\/1173\/revisions"}],"predecessor-version":[{"id":1656,"href":"https:\/\/carolinaespiritualidade.com\/en\/wp-json\/wp\/v2\/pages\/1173\/revisions\/1656"}],"wp:attachment":[{"href":"https:\/\/carolinaespiritualidade.com\/en\/wp-json\/wp\/v2\/media?parent=1173"}],"curies":[{"name":"wp","href":"https:\/\/api.w.org\/{rel}","templated":true}]}}